{"id":1443,"date":"2023-11-08T12:39:51","date_gmt":"2023-11-08T11:39:51","guid":{"rendered":"https:\/\/lautreentravers.fr\/?page_id=1443"},"modified":"2023-11-27T14:43:55","modified_gmt":"2023-11-27T13:43:55","slug":"personne-lautre-en-travers-stephanie-querite-poesie-electro-rock-noise-el-tat-tom-galdeano-thomas-hemery-film","status":"publish","type":"page","link":"https:\/\/lautreentravers.fr\/index.php\/personne-lautre-en-travers-stephanie-querite-poesie-electro-rock-noise-el-tat-tom-galdeano-thomas-hemery-film\/","title":{"rendered":"PERSONNE L&rsquo;autre en travers St\u00e9phanie Qu\u00e9rit\u00e9 po\u00e9sie electro rock noise El Tat Tom Galdeano Thomas H\u00e9mery film"},"content":{"rendered":"\t\t<div data-elementor-type=\"wp-page\" data-elementor-id=\"1443\" class=\"elementor elementor-1443\">\n\t\t\t\t<div class=\"elementor-element elementor-element-48ae76a e-flex e-con-boxed wpr-particle-no wpr-jarallax-no wpr-parallax-no wpr-sticky-section-no wpr-equal-height-no e-con e-parent\" data-id=\"48ae76a\" data-element_type=\"container\" data-e-type=\"container\">\n\t\t\t\t\t<div class=\"e-con-inner\">\n\t\t\t\t<div class=\"elementor-element elementor-element-f8b759a elementor-widget elementor-widget-spacer\" data-id=\"f8b759a\" data-element_type=\"widget\" data-e-type=\"widget\" data-widget_type=\"spacer.default\">\n\t\t\t\t<div class=\"elementor-widget-container\">\n\t\t\t\t\t\t\t<div class=\"elementor-spacer\">\n\t\t\t<div class=\"elementor-spacer-inner\"><\/div>\n\t\t<\/div>\n\t\t\t\t\t\t<\/div>\n\t\t\t\t<\/div>\n\t\t\t\t<div class=\"elementor-element elementor-element-ed6f59f elementor-widget__width-auto elementor-invisible elementor-widget elementor-widget-video\" data-id=\"ed6f59f\" data-element_type=\"widget\" data-e-type=\"widget\" data-settings=\"{&quot;youtube_url&quot;:&quot;https:\\\/\\\/youtu.be\\\/XJN1N3uW9dY&quot;,&quot;_animation&quot;:&quot;fadeIn&quot;,&quot;_animation_delay&quot;:1400,&quot;video_type&quot;:&quot;youtube&quot;,&quot;controls&quot;:&quot;yes&quot;}\" data-widget_type=\"video.default\">\n\t\t\t\t<div class=\"elementor-widget-container\">\n\t\t\t\t\t\t\t<div class=\"elementor-wrapper elementor-open-inline\">\n\t\t\t<div class=\"elementor-video\"><\/div>\t\t<\/div>\n\t\t\t\t\t\t<\/div>\n\t\t\t\t<\/div>\n\t\t\t\t<div class=\"elementor-element elementor-element-eabd898 elementor-widget elementor-widget-spacer\" data-id=\"eabd898\" data-element_type=\"widget\" data-e-type=\"widget\" data-widget_type=\"spacer.default\">\n\t\t\t\t<div class=\"elementor-widget-container\">\n\t\t\t\t\t\t\t<div class=\"elementor-spacer\">\n\t\t\t<div class=\"elementor-spacer-inner\"><\/div>\n\t\t<\/div>\n\t\t\t\t\t\t<\/div>\n\t\t\t\t<\/div>\n\t\t\t\t<div class=\"elementor-element elementor-element-c78c171 elementor-widget elementor-widget-spacer\" data-id=\"c78c171\" data-element_type=\"widget\" data-e-type=\"widget\" data-widget_type=\"spacer.default\">\n\t\t\t\t<div class=\"elementor-widget-container\">\n\t\t\t\t\t\t\t<div class=\"elementor-spacer\">\n\t\t\t<div class=\"elementor-spacer-inner\"><\/div>\n\t\t<\/div>\n\t\t\t\t\t\t<\/div>\n\t\t\t\t<\/div>\n\t\t\t\t\t<\/div>\n\t\t\t\t<\/div>\n\t\t<div class=\"elementor-element elementor-element-8d557da e-flex e-con-boxed wpr-particle-no wpr-jarallax-no wpr-parallax-no wpr-sticky-section-no wpr-equal-height-no e-con e-parent\" data-id=\"8d557da\" data-element_type=\"container\" data-e-type=\"container\">\n\t\t\t\t\t<div class=\"e-con-inner\">\n\t\t<div class=\"elementor-element elementor-element-54ef060 e-con-full e-flex wpr-particle-no wpr-jarallax-no wpr-parallax-no wpr-sticky-section-no wpr-equal-height-no e-con e-child\" data-id=\"54ef060\" data-element_type=\"container\" data-e-type=\"container\">\n\t\t\t\t<\/div>\n\t\t<div class=\"elementor-element elementor-element-8dfdf80 e-con-full e-flex wpr-particle-no wpr-jarallax-no wpr-parallax-no wpr-sticky-section-no wpr-equal-height-no e-con e-child\" data-id=\"8dfdf80\" data-element_type=\"container\" data-e-type=\"container\">\n\t\t\t\t<div class=\"elementor-element elementor-element-0178372 animated-fast elementor-invisible elementor-widget elementor-widget-image\" data-id=\"0178372\" data-element_type=\"widget\" data-e-type=\"widget\" data-settings=\"{&quot;_animation&quot;:&quot;pulse&quot;,&quot;_animation_delay&quot;:100}\" data-widget_type=\"image.default\">\n\t\t\t\t<div class=\"elementor-widget-container\">\n\t\t\t\t\t\t\t\t\t\t\t\t\t\t\t<img fetchpriority=\"high\" decoding=\"async\" width=\"400\" height=\"200\" src=\"https:\/\/lautreentravers.fr\/wp-content\/uploads\/2023\/09\/Le-texte-Cavale-Stephanie-Querite-poesie.jpg\" class=\"attachment-large size-large wp-image-330\" alt=\"\" srcset=\"https:\/\/lautreentravers.fr\/wp-content\/uploads\/2023\/09\/Le-texte-Cavale-Stephanie-Querite-poesie.jpg 400w, https:\/\/lautreentravers.fr\/wp-content\/uploads\/2023\/09\/Le-texte-Cavale-Stephanie-Querite-poesie-300x150.jpg 300w\" sizes=\"(max-width: 400px) 100vw, 400px\" \/>\t\t\t\t\t\t\t\t\t\t\t\t\t\t\t<\/div>\n\t\t\t\t<\/div>\n\t\t\t\t<div class=\"elementor-element elementor-element-fcb53e5 elementor-invisible elementor-widget elementor-widget-accordion\" data-id=\"fcb53e5\" data-element_type=\"widget\" data-e-type=\"widget\" data-settings=\"{&quot;_animation&quot;:&quot;fadeIn&quot;,&quot;_animation_delay&quot;:600}\" data-widget_type=\"accordion.default\">\n\t\t\t\t<div class=\"elementor-widget-container\">\n\t\t\t\t\t\t\t<div class=\"elementor-accordion\">\n\t\t\t\t\t\t\t<div class=\"elementor-accordion-item\">\n\t\t\t\t\t<div id=\"elementor-tab-title-2641\" class=\"elementor-tab-title\" data-tab=\"1\" role=\"button\" aria-controls=\"elementor-tab-content-2641\" aria-expanded=\"false\">\n\t\t\t\t\t\t\t\t\t\t\t\t\t<span class=\"elementor-accordion-icon elementor-accordion-icon-right\" aria-hidden=\"true\">\n\t\t\t\t\t\t\t\t\t\t\t\t\t\t\t<span class=\"elementor-accordion-icon-closed\"><i class=\"fas fa-plus\"><\/i><\/span>\n\t\t\t\t\t\t\t\t<span class=\"elementor-accordion-icon-opened\"><i class=\"fas fa-minus\"><\/i><\/span>\n\t\t\t\t\t\t\t\t\t\t\t\t\t\t<\/span>\n\t\t\t\t\t\t\t\t\t\t\t\t<a class=\"elementor-accordion-title\" tabindex=\"0\"><\/a>\n\t\t\t\t\t<\/div>\n\t\t\t\t\t<div id=\"elementor-tab-content-2641\" class=\"elementor-tab-content elementor-clearfix\" data-tab=\"1\" role=\"region\" aria-labelledby=\"elementor-tab-title-2641\"><p>Je vous parle d\u2019un endroit o\u00f9 je ne suis<br \/>personne.<br \/>Ma voix s\u2019\u00e9vanouit avant m\u00eame d\u2019avoir dit,<br \/>\u00e9touff\u00e9e par mes propres mots,<br \/>mar\u00e9cages d\u2019id\u00e9aux.<br \/><br \/>Je vous parle d&rsquo;un endroit o\u00f9 je ne suis<br \/>personne.<br \/>Ma parole n&rsquo;a aucune valeur, aucun poids.<br \/>J\u2019aurai beau dire et m\u2019essouffler,<br \/>ma parole ne sera ni prise en compte ni prise<br \/>en main.<br \/><br \/>Je vous parle d\u2019un endroit o\u00f9 je ne suis<br \/>personne.<br \/>Ma parole est un souffle au coeur, j\u2019ai peur.<br \/>Prendre son \u00e9lan, formuler correctement.<br \/>Encore faut-il le dire, et d\u00e9fier les sbires.<br \/><br \/>Je vous parle d\u2019un endroit o\u00f9 je racle ma gorge.<br \/>J\u2019ai besoin de participer au mouvementsoul\u00e8vement.<br \/>J\u2019ai besoin de participer au cri-b\u00e9lier.<br \/><br \/>J\u2019ai besoin d\u2019emp\u00eacher les mains b\u00e2illons de<br \/>ma langue haillons.<br \/><br \/>J\u2019ai \u00e9t\u00e9 \u00e9lev\u00e9e pour et par la discr\u00e9tion.<br \/>Je n\u2019ai pas d\u2019armes par\u00e9es pour la digression.<br \/>Et pourtant&#8230;<br \/>Je ravale mon sourire de fa\u00e7ade,<br \/>j\u2019avale une bouff\u00e9e de scandale<br \/>et je dis<br \/>En mon nom.<br \/>En mon nom de pauvre.<br \/>En mon nom de rien.<br \/>En mon nom de personne.<br \/><br \/>Il se cr\u00e9e des r\u00e9voltes il se cr\u00e9e,<br \/>je l\u2019ai d\u00e9j\u00e0 dit ici plusieurs fois.<br \/>Se redresser par la voix,<br \/>rencontrer l\u2019\u00e9cho d\u2019autre voix<br \/>multiplier les r\u00e9percussions, tant et tant de<br \/>fois,<br \/>que le brouhaha sera immense,<br \/>que le brouhaha soit immense !<br \/><br \/>J\u2019ai dit non.<br \/>Vous m\u2019entendez.<br \/>J\u2019ai dit non.<br \/><br \/>Que le brouhaha soit immense !<\/p><\/div>\n\t\t\t\t<\/div>\n\t\t\t\t\t\t\t\t<\/div>\n\t\t\t\t\t\t<\/div>\n\t\t\t\t<\/div>\n\t\t\t\t<div class=\"elementor-element elementor-element-6b730f2 elementor-widget elementor-widget-spacer\" data-id=\"6b730f2\" data-element_type=\"widget\" data-e-type=\"widget\" data-widget_type=\"spacer.default\">\n\t\t\t\t<div class=\"elementor-widget-container\">\n\t\t\t\t\t\t\t<div class=\"elementor-spacer\">\n\t\t\t<div class=\"elementor-spacer-inner\"><\/div>\n\t\t<\/div>\n\t\t\t\t\t\t<\/div>\n\t\t\t\t<\/div>\n\t\t\t\t<\/div>\n\t\t<div class=\"elementor-element elementor-element-38ed411 e-con-full e-flex wpr-particle-no wpr-jarallax-no wpr-parallax-no wpr-sticky-section-no wpr-equal-height-no e-con e-child\" data-id=\"38ed411\" data-element_type=\"container\" data-e-type=\"container\">\n\t\t\t\t<\/div>\n\t\t\t\t\t<\/div>\n\t\t\t\t<\/div>\n\t\t\t\t<\/div>\n\t\t","protected":false},"excerpt":{"rendered":"<p>Je vous parle d\u2019un endroit o\u00f9 je ne suispersonne.Ma voix s\u2019\u00e9vanouit avant m\u00eame d\u2019avoir dit,\u00e9touff\u00e9e par mes propres mots,mar\u00e9cages d\u2019id\u00e9aux. Je vous parle d&#8217;un endroit o\u00f9 je ne suispersonne.Ma parole n&#8217;a aucune valeur, aucun poids.J\u2019aurai beau dire et m\u2019essouffler,ma parole ne sera ni prise en compte ni priseen main. Je vous parle d\u2019un endroit o\u00f9 je ne suispersonne.Ma parole est un souffle au coeur, j\u2019ai peur.Prendre son \u00e9lan, formuler correctement.Encore faut-il le dire, et d\u00e9fier les sbires. Je vous parle d\u2019un endroit o\u00f9 je racle ma gorge.J\u2019ai besoin de participer au mouvementsoul\u00e8vement.J\u2019ai besoin de participer au cri-b\u00e9lier. J\u2019ai besoin d\u2019emp\u00eacher les mains b\u00e2illons dema langue haillons. J\u2019ai \u00e9t\u00e9 \u00e9lev\u00e9e pour et par la discr\u00e9tion.Je n\u2019ai pas d\u2019armes par\u00e9es pour la digression.Et pourtant&#8230;Je ravale mon sourire de fa\u00e7ade,j\u2019avale une bouff\u00e9e de scandaleet je disEn mon nom.En mon nom de pauvre.En mon nom de rien.En mon nom de personne. Il se cr\u00e9e des r\u00e9voltes il se cr\u00e9e,je l\u2019ai d\u00e9j\u00e0 dit ici plusieurs fois.Se redresser par la voix,rencontrer l\u2019\u00e9cho d\u2019autre voixmultiplier les r\u00e9percussions, tant et tant defois,que le brouhaha sera immense,que le brouhaha soit immense ! J\u2019ai dit non.Vous m\u2019entendez.J\u2019ai dit non. Que le brouhaha soit immense !<\/p>\n","protected":false},"author":1,"featured_media":0,"parent":0,"menu_order":0,"comment_status":"closed","ping_status":"closed","template":"","meta":{"footnotes":""},"class_list":["post-1443","page","type-page","status-publish","hentry"],"_links":{"self":[{"href":"https:\/\/lautreentravers.fr\/index.php\/wp-json\/wp\/v2\/pages\/1443","targetHints":{"allow":["GET"]}}],"collection":[{"href":"https:\/\/lautreentravers.fr\/index.php\/wp-json\/wp\/v2\/pages"}],"about":[{"href":"https:\/\/lautreentravers.fr\/index.php\/wp-json\/wp\/v2\/types\/page"}],"author":[{"embeddable":true,"href":"https:\/\/lautreentravers.fr\/index.php\/wp-json\/wp\/v2\/users\/1"}],"replies":[{"embeddable":true,"href":"https:\/\/lautreentravers.fr\/index.php\/wp-json\/wp\/v2\/comments?post=1443"}],"version-history":[{"count":24,"href":"https:\/\/lautreentravers.fr\/index.php\/wp-json\/wp\/v2\/pages\/1443\/revisions"}],"predecessor-version":[{"id":1687,"href":"https:\/\/lautreentravers.fr\/index.php\/wp-json\/wp\/v2\/pages\/1443\/revisions\/1687"}],"wp:attachment":[{"href":"https:\/\/lautreentravers.fr\/index.php\/wp-json\/wp\/v2\/media?parent=1443"}],"curies":[{"name":"wp","href":"https:\/\/api.w.org\/{rel}","templated":true}]}}